{"id":3797,"date":"2015-04-02T09:49:02","date_gmt":"2015-04-02T09:49:02","guid":{"rendered":"https:\/\/mne.ceti.me\/?page_id=3797"},"modified":"2024-08-21T10:39:47","modified_gmt":"2024-08-21T10:39:47","slug":"ispitivanje-zivotne-sredine-program-monitoring","status":"publish","type":"page","link":"https:\/\/mne.ceti.me\/?page_id=3797","title":{"rendered":"Ispitivanje \u017eivotne sredine \/ program monitoring"},"content":{"rendered":"<div id='layer_slider_1'  class='avia-layerslider main_color avia-shadow  avia-builder-el-0  el_before_av_heading  avia-builder-el-first  container_wrap sidebar_right'  style='height: 151px;'  ><\/div><div id='after_layer_slider_1'  class='main_color av_default_container_wrap container_wrap sidebar_right'  ><div class='container av-section-cont-open' ><div class='template-page content  av-content-small alpha units'><div class='post-entry post-entry-type-page post-entry-3797'><div class='entry-content-wrapper clearfix'>\n\n<style type=\"text\/css\" data-created_by=\"avia_inline_auto\" id=\"style-css-av-4izx7p-ccdff9cfef28fa267630ff71693facf4\">\n#top .av-special-heading.av-4izx7p-ccdff9cfef28fa267630ff71693facf4{\npadding-bottom:10px;\n}\n<\/style>\n<div  class='av-special-heading av-4izx7p-ccdff9cfef28fa267630ff71693facf4 av-special-heading-h3  avia-builder-el-1  el_after_av_layerslider  el_before_av_textblock  avia-builder-el-first  '><h3 class='av-special-heading-tag '  itemprop=\"headline\"  >Reference &#8211; Ispitivanje \u017eivotne sredine\/program monitoring\/ Due Diligence<\/h3><div class='special-heading-border'><div class='special-heading-inner-border'><\/div><\/div><\/div>\n<section class=\"av_textblock_section \"  itemscope=\"itemscope\" itemtype=\"https:\/\/schema.org\/CreativeWork\" ><div class='avia_textblock  '   itemprop=\"text\" ><ol>\n<li>Analysis of surface and ground waters in River Basin Ib\u00ebr, River Basin Morava e Bin\u00e7\u00ebs and River Basin Lepenc, Kosovo (2023)<\/li>\n<li>Offshore environmental post drilling survey -report of sediment analyses-(2022)<\/li>\n<li>Ispitivanje otpada, zemlji\u0161ta i podzemnih voda na lokaciji odlagali\u0161ta \u010dvrstog otpada-Uniprom-KAP, Podgorica (2021)<\/li>\n<li>Ispitivanje povr\u0161inskih i podzemnih voda, zemlji\u0161ta, natalo\u017eenog materijala i mjerenje kvaliteta vazduha-nulto stanje na lokaciji deponije Gradac-(2020)<\/li>\n<li>Monitoring \u017eivotne sredine (povr\u0161inske, podzemne, otpadne vode, zemlji\u0161te, vazduh, buka)- Elektroprivreda Crne Gore (2020-)<\/li>\n<li>Ispitivanja zemlji\u0161ta na urbanisti\u010dkoj parceli ub4-1 u sklopu dr\u017eavne studije lokacije, Arsenal, Porto Montenegro (2020)<\/li>\n<li>Studija \u201e0\u201c stanja na lokaciji Sinjajevina (2020)<\/li>\n<li>Ispitivanju stanja segmenata \u017eivotne sredine u okolini rudnika olova i cinka \u201c\u0160uplja stijena\u201d \u0160ula i stanja ekosistema Mjedeni\u010dkog potoka (2020)<\/li>\n<li>Studija \u201e0\u201c stanja na lokaciji deponije Maljevac, Pljevlja (2019)<\/li>\n<li>Ispitivanje uticaja na \u017eivotnu sredinu objekata turisti\u010dkog kompleksa na lokaciji \u201cPortonovi\u201d u Kumboru (2019)<\/li>\n<li>Ispitivanje zemlji\u0161ta, voda i gasova na postoje\u0107em postrojenju za pre\u010di\u0161\u0107avanje otpadnih voda grada Podgorice (2019)<\/li>\n<li>Analyses of soil, concrete, underground water, air and wipe test of walls in area of KAP temporary PCB storage (2019)<\/li>\n<li>Ispitivanje stanja \u017eivotne sredine TE Pljevlja-bazna studija (2019)<\/li>\n<li>Ispitivanje zemlji\u0161ta, \u010dvrstog materijala, vode, mjerenje kvaliteta vazduha i buke\u00a0 na lokacijama Brskovo, Rudnica, Bre\u017eine (Lepenac) i \u017duta prla (2019-2022)<\/li>\n<li>Environmental monitoring (water quality and sediment assessment, air quality assessment, noise assessment)-new fishing port at Velika pla\u017ea-Ulcinj-(2020)<\/li>\n<li>Ispitivanje stanja segmenata \u017eivotne sredine (zemlji\u0161te, povr\u0161inska voda, vazduh i buka) na lokalitetu rudnika olova i cinka \u201c\u0160uplja stijena\u201d u \u0160ulama (2015)<\/li>\n<li>Program monitoringa morskog ekosistema Crne Gore (eutrofikacija, kontaminenti) (2016-)<\/li>\n<li>Soil analysis from the location of the future wastewater treatment plant, Podgorica (2017)<\/li>\n<li>\u201eDetaljna istra\u017eivanja i ispitivanja sastava i kvaliteta tla, podzemnih voda, mora i morskih sedimenata dijela prostora turisti\u010dkog kompleksa Portonovi u Kumboru\u201c(2015)<\/li>\n<li>Ispitivanje zemlji\u0161ta du\u017e kopnene trase kabla u Lastvi Grbaljskoj (2015)<\/li>\n<li>Studija \u201e0\u201c stanja na lokaciji \u201eSki resort-Kola\u0161in 1450\u201c-Kola\u0161in (2014)<\/li>\n<li>Studija \u201e0\u201c stanja na lokaciji Bi\u0161ki rep, Skadarsko jezero (2014)<\/li>\n<li>Ispitivanje otpadnog grita na lokaciji Porto Montenegro, Tivat (2014)<\/li>\n<li>Ispitivanje vazduha, zemlji\u0161ta i podzemnih voda na sadr\u017eaj PCB-a na lokaciji postrojenja za servis transformatora i tretman trafo ulja-\u201eRade Kon\u010dar-servis\u201c(2014, 2015)<\/li>\n<li>Environmental Due Diligence Report for Portonovi-Kumbor (2013)<\/li>\n<li>Environmental Due Diligence Report for Kralji\u010dina Pla\u017ea\u00a0(2013)<\/li>\n<li>Usluga monitoringa Morskog ekosistema (2009-2011)<\/li>\n<li>Studija procjene uticaja za \u201dPORTO MONTENEGRO \u201d Tivat. (2008)<\/li>\n<li>National Implementation Plan &#8211; NIP for implementation of the Stockholm Convention (2007-2009)<\/li>\n<li>ADRICOSM -STAR, \u201dIntegrated river basin and coastal zone management system,\u201d (2007-2010)<\/li>\n<li>Studija mogu\u0107nosti vodosnabdijevanja tj. eksploatacija iz izvori\u0161ta Bolje Sestre na Skadarskom jezeru (2006-2007)<\/li>\n<li>Monitoring kvaliteta otpadnih voda u kanalima Kombinata Aluminijuma u Podgorici (2006)<\/li>\n<li>Environmental Due Diligence Report for Central sanitary Landfill in Podgorica (2006)<\/li>\n<li>Environmental Due Diligence Report for Aluminium Plant in Podgorica (2005)<\/li>\n<li>Environmental Due Diligence Report for Bauxite Mine in Nik\u0161i\u0107 (2005)<\/li>\n<li>Monitoring kvaliteta morske vode \u201cRemontni Zavod\u201d Tivat, u Boko Kotorskom zalivu.<\/li>\n<li>Monitoring kvaliteta morske vode Brodogradili\u0161te Bijela,u Boko Kotorskom zalivu. (2005)<\/li>\n<li>SPMD method for Monitoring of POP-s in Skadar Lake with Heidelberg University (2001-2002)<\/li>\n<li>Program ispitivanja sadr\u017eaja radionuklida u \u017eivotnoj sredini (1998-);<\/li>\n<li>Program monitoringa kvaliteta vazduha (1998-);<\/li>\n<li>Program monitoringa opasnih i \u0161tetnih materija u zemlji\u0161tu (1998-) ;<\/li>\n<li>Program monitoringa buke u \u017eivotnoj sredini (1998-)<\/li>\n<li>Sistematsko ispitivanje kvaliteta i kvantiteta povr\u0161niskih i podzemnih voda u Crnoj Gori (1998-2002)<\/li>\n<li>Program sistematskog ispitivanja kvaliteta povr\u0161inskih i podzemnih voda u Crnoj Gori(1998-2002)<\/li>\n<\/ol>\n<\/div><\/section>\n","protected":false},"excerpt":{"rendered":"","protected":false},"author":1,"featured_media":0,"parent":0,"menu_order":0,"comment_status":"closed","ping_status":"closed","template":"","meta":[],"_links":{"self":[{"href":"https:\/\/mne.ceti.me\/index.php?rest_route=\/wp\/v2\/pages\/3797"}],"collection":[{"href":"https:\/\/mne.ceti.me\/index.php?rest_route=\/wp\/v2\/pages"}],"about":[{"href":"https:\/\/mne.ceti.me\/index.php?rest_route=\/wp\/v2\/types\/page"}],"author":[{"embeddable":true,"href":"https:\/\/mne.ceti.me\/index.php?rest_route=\/wp\/v2\/users\/1"}],"replies":[{"embeddable":true,"href":"https:\/\/mne.ceti.me\/index.php?rest_route=%2Fwp%2Fv2%2Fcomments&post=3797"}],"version-history":[{"count":3,"href":"https:\/\/mne.ceti.me\/index.php?rest_route=\/wp\/v2\/pages\/3797\/revisions"}],"predecessor-version":[{"id":9093,"href":"https:\/\/mne.ceti.me\/index.php?rest_route=\/wp\/v2\/pages\/3797\/revisions\/9093"}],"wp:attachment":[{"href":"https:\/\/mne.ceti.me\/index.php?rest_route=%2Fwp%2Fv2%2Fmedia&parent=3797"}],"curies":[{"name":"wp","href":"https:\/\/api.w.org\/{rel}","templated":true}]}}