{"id":3610,"date":"2015-01-12T13:47:48","date_gmt":"2015-01-12T13:47:48","guid":{"rendered":"https:\/\/mne.ceti.me\/?page_id=3610"},"modified":"2024-11-17T15:41:54","modified_gmt":"2024-11-17T15:41:54","slug":"sertifikati-i-ovlascenja","status":"publish","type":"page","link":"https:\/\/mne.ceti.me\/?page_id=3610","title":{"rendered":"Sertifikati i ovla\u0161\u0107enja"},"content":{"rendered":"<div id='layer_slider_1'  class='avia-layerslider main_color avia-shadow  avia-builder-el-0  el_before_av_heading  avia-builder-el-first  container_wrap sidebar_right'  style='height: 151px;'  ><\/div><div id='after_layer_slider_1'  class='main_color av_default_container_wrap container_wrap sidebar_right'  ><div class='container av-section-cont-open' ><div class='template-page content  av-content-small alpha units'><div class='post-entry post-entry-type-page post-entry-3610'><div class='entry-content-wrapper clearfix'>\n\n<style type=\"text\/css\" data-created_by=\"avia_inline_auto\" id=\"style-css-av-3tjuoa-de5352b1979f498ade0f06b3c3f7402d\">\n#top .av-special-heading.av-3tjuoa-de5352b1979f498ade0f06b3c3f7402d{\npadding-bottom:10px;\n}\n<\/style>\n<div  class='av-special-heading av-3tjuoa-de5352b1979f498ade0f06b3c3f7402d av-special-heading-h3  avia-builder-el-1  el_after_av_layerslider  el_before_av_textblock  avia-builder-el-first  '><h3 class='av-special-heading-tag '  itemprop=\"headline\"  >Sertifikati i ovla\u0161\u0107enja<\/h3><div class='special-heading-border'><div class='special-heading-inner-border'><\/div><\/div><\/div>\n<section class=\"av_textblock_section \"  itemscope=\"itemscope\" itemtype=\"https:\/\/schema.org\/CreativeWork\" ><div class='avia_textblock  '   itemprop=\"text\" ><ol>\n<li><a href=\"https:\/\/mne.ceti.me\/wp-content\/uploads\/2024\/11\/konacno-CETI-ZPR.01.34-1-dodatak-Sertifikatu-o-akreditaciji-04.09.2024.pdf\"><strong>Sertifikat o akreditaciji sa akreditacionim brojem Li 08.03<\/strong><\/a><\/li>\n<\/ol>\n<ul>\n<li>Standard: MEST EN ISO IEC 17025: 2018<\/li>\n<li>Datum dodjele\/ obnavljanja akreditacije: 10.04.2008 \/ 04.09.2024.<\/li>\n<li>Akreditacija va\u017ei do: 03.09.2028.<\/li>\n<li>Akreditovana laboratorija za ispitivanje<\/li>\n<\/ul>\n<p><strong>Podru\u010dje akreditacije<\/strong><strong>:<\/strong><\/p>\n<p style=\"padding-left: 30px;\">Voda za pi\u0107e i led, Povr\u0161inske i podzemne vode, Otpadne vode, Voda zanapajanje \u017eivotinja, Morska voda, Ribe, rakovi i proizvodi od riba, Mlijeko i mlije\u010dni proizvodi, Med, \u017dita i mlinski proizvodi, Proizvodi od vo\u0107a i povr\u0107a, Kakao proizvodi, proizvodi sli\u010dni \u010dokoladi, bombonski proizvodi, krem proizvodi, keks i proizvodi srodni keksu, Meso i mesni proizvodi, Hrana za \u017eivotinje, Hrana biljnog i \u017eivotinjskog porijekla, Povr\u0107e i vo\u0107e, Biolo\u0161ki materijal (urin, serum, plazma), Alkoholna pi\u0107a, pivo i vino, Sokovi, sirupi i osvje\u017eavaju\u0107a bezalkoholna pi\u0107a, Maslinovo ulje, Ulja i<br \/>\nmasti biljnog i \u017eivotinjskog porijekla<\/p>\n<p style=\"padding-left: 30px;\"><strong>Vazduh<\/strong> &#8211; kvalitet vazduha ambijenta, Vazduh &#8211; emisije iz stacionarnih izvora, Sediment i zemlji\u0161te, Otpad, Transformatorska ulja;<\/p>\n<p style=\"padding-left: 30px;\"><strong>Ispitivanja radioaktivnosti<\/strong>:<br \/>\nVoda, Vazduh, Zemlji\u0161te, Hrana, Gra\u0111evinski materijal, Ispitivanje nivoa spolja\u0161njeg zra\u010denja,<br \/>\nIspitivanje izvora jonizujuceg zra\u010denja;<\/p>\n<p style=\"padding-left: 30px;\"><strong>Akusti\u010dka ispitivanja<\/strong>: Buka, Uzorkovanje: Voda za pi\u0107e, povr\u0161inske, podzemne, morske i otpadne vode, Zemlji\u0161te i sedimenat<\/p>\n<p style=\"padding-left: 30px;\"><strong>http:\/\/www.atcg.co.me<\/strong><\/p>\n<p><strong><span style=\"text-decoration: underline;\">Ovla\u0161\u0107enja za rad DOO Centra za ekotoksikolo\u0161ka ispitivanja- Podgorica<\/span><\/strong><\/p>\n<p><strong>2. <\/strong><\/p>\n<p><strong>Rje\u0161enje<\/strong> za vr\u0161enje fizi\u010dko hemijskih analiza uzoraka, radi utvr\u0111ivanja zdravstvene ispravnosti namirnica i predmeta op\u0161te upotrebe\u00a0\u00a0 (Rje\u0161enje br. 01-3176\/2 od 08.12.1998. godine) izdato od strane Ministarstva Zdravlja<\/p>\n<p><strong>3. Rje\u0161enje<\/strong> za :<\/p>\n<ul>\n<li><strong><a href=\"https:\/\/mne.ceti.me\/wp-content\/uploads\/2024\/07\/1626RESENJE-MIN-PS-I-V-CG-PG_001.pdf\">Slu\u017ebenu laboratoriju za obavljanje ispitivanje uzoraka hrane, hrane za \u017eivotinje uzetih sprovo\u0111enjem slu\u017ebenih kontrola i monitoringa, izdato od strane Ministarstva poljoprivrede, \u0161umarstva i vodoprivrede<\/a><\/strong><\/li>\n<li>Laboratorijsko ispitivanje sredstava za za\u0161titu bilja (pesticida);<\/li>\n<li>Laboratorijsko ispitivanje rezidua sredstava za za\u0161titu bilja (pesticida); Laboratorijsko ispitivanje sredstava za ishranu bilja (\u0111ubriva);<\/li>\n<li>Laboratorijsko ispitivanje kontaminenata u hrani biljnog porijekla na nivou primarne proizvodnje;<\/li>\n<li>Laboratorijsko ispitivanje poljoprivrednog zemlji\u0161ta radi utvr\u0111ivanja koli\u010dina opasnih i \u0161tetnih materija, (br. 320\/16-0505-206 od 23.03.2016.) izdato od Ministarstva poljoprivrede i ruralnog razvoja-Fitosanitarna Uprave<\/li>\n<\/ul>\n<p><strong>4. <a href=\"https:\/\/mne.ceti.me\/wp-content\/uploads\/2021\/11\/Resenje-ispitivanje-kvaliteta-vazduha.pdf\">Rje\u0161enje za pra\u0107enje kvaliteta vazduha vazduha<\/a> <\/strong>mjerenjem koncentracija za sumpor dioksid, azot dioksid i azot monoksid, suspendovane \u010destice PM10 i PM2.5, olovo, benzen, ugljen monoksid, prizemni ozon, arsen, kadmijum, nikal, benzo(a) piren, instrumentima za automatsko mjerenje i uzimanjem uzoraka i njihovom analizom (br. UPI-732\/11 od 05.12.2011.) izdato od strane Agencije za za\u0161titu \u017eivotne sredine<\/p>\n<p><strong><a href=\"https:\/\/mne.ceti.me\/wp-content\/uploads\/2021\/11\/Mjerenje-emisija-iz-stacionarnih-izvora1.pdf\">5. Rje\u0161enje za mjerenje emisija iz stacionarnih izvora u vazduhu<\/a><\/strong> (br: UPI-1651\/2 od 15.10.2015. godine) izdato od strane Agencije za za\u0161titu \u017eivotne sredine<\/p>\n<p><strong><a href=\"https:\/\/mne.ceti.me\/wp-content\/uploads\/2021\/11\/Resenje-EPA-zemljiste.pdf\">6. Rje\u0161enje o odre\u0111ivanju referentne laboratorije za pra\u0107enje opasnih i \u0161tetnih materija u zemlji\u0161tu<\/a><\/strong> (br. 101\/2-06-309\/9 od 15.03.2018. godine) izdato od strane Agencije za za\u0161titu \u017eivotne sredine<\/p>\n<p><strong><a href=\"https:\/\/mne.ceti.me\/wp-content\/uploads\/2021\/11\/Resenje-za-vode.pdf\">7. Rje\u0161enje za vr\u0161enje osnovnih i specijalizovanih fizi\u010dko hemijskih ispitivanja kvaliteta povr\u0161inskih i otpadnih voda (br. 327\/2000-0601-567 od 29.02.2000)<\/a><\/strong> izdato od strane Ministarstva poljoprivrede, \u0161umarstva i vodoprivrede uz saglasnosti Ministarstva zdravlja i Ministarstva za\u0161tite \u017eivotne sredine<strong><br \/>\n<\/strong><\/p>\n<p><strong><a href=\"https:\/\/mne.ceti.me\/wp-content\/uploads\/2021\/11\/Resenje-Buka.pdf\">8. Rje\u0161enje za mjerenje nivoa buke u \u017eivotnoj sredini<\/a><\/strong> (br. 101\/2-06-619\/17 od 04.04.2018) izdato od Agencije za za\u0161titu \u017eivotne sredine<\/p>\n<p><strong><a href=\"http:\/\/www.ceti.me\/download\/7.%20Dozvola%20-%20radijaciona%20djelatnost.pdf\">9. Dozvola za obavljanje radijacione djelatnosti (02 Br.UPI-147\/2) izdata od Agencije za za\u0161titu \u017eivotne sredine<\/a><\/strong><\/p>\n<p><strong>10. Dozvola<\/strong> za upravljanje skladi\u0161tem radioaktivnog otpada (br. UPI-13\/4 od 13.06.2012.) izdate od strane Agencije za za\u0161titu \u017eivotne sredine,<strong>\u00a0<\/strong><\/p>\n<p><strong>11. Rje\u0161enje<\/strong> za obavljanje poslova u oblasti za\u0161tite od jonizuju\u0107eg zra\u010denja <a href=\"http:\/\/www.ceti.me\/download\/5.%20Rjesenje%20-%20jonizujuce%20zracenje.pdf\"> (br:04-3801\/03 od 19.12.2003. godine)<\/a> za:<\/p>\n<ul>\n<li>Sistematsko ispitivanje sadr\u017eaja radionuklida u \u017eivotnoj sredini;<\/li>\n<li>Dozimetrijska kontrola i kontrola radne sredine;<\/li>\n<li>Mjerenja stepena individualnog spolja\u0161njeg izlaganja profesionalno izlo\u017eenih lica (li\u010dna dozimetrijska kontrola);<\/li>\n<li>Mjerenja radi sprovo\u0111enja programa osiguranja i kontrole kvaliteta;<\/li>\n<li>Projektovanje mjera za\u0161tite od jonizuju\u0107ih zra\u010denja;<\/li>\n<li>Ispitivanje nivoa spolja\u0161njeg zra\u010denja;<\/li>\n<li>Gamaspektrometrijska ispitivanja sadr\u017eaja radionuklida u uzorcima iz \u017eivotne sredine;<\/li>\n<li>Ispitivanja sadr\u017eaja stroncijuma u uzorcima iz \u017eivotne sredine;<\/li>\n<li>Ispitivanje sadr\u017eaja radona u vazduhu;<\/li>\n<li>Ispitivanje nivoa kontaminacije \u017eivotne sredine u slu\u010daju sumnje na vanredni doga\u0111aj i u toku vanrednog doga\u0111aja;<\/li>\n<li>Poslovi dekontaminacije<\/li>\n<\/ul>\n<p><strong>12. Rje\u0161enje<\/strong> o licenci za rad za obavljanje nau\u010dno istra\u017eiva\u010dke djelatnosti iz oblasti prirodnih nauka (br. 18\/1-04-062\/21-8886\/4 od 18.10.2021.) izdate od\u00a0 Ministarstva prosvjete, nauke, kulture i sporta<\/p>\n<p><strong>13. Rje\u0161enje<\/strong> (br. 01-1121\/14 od 14.06.2014.) izdato od strane Ministarstva zdravlja i socijalnog staranja za obavljanje poslova mjerenja radi procjene stepena izlo\u017eenosti jonizuju\u0107im zra\u010denjima lica koja rade sa izvorima zra\u010denja, pacijenata i stanovni\u0161tva i to:<\/p>\n<ul>\n<li>Dozimetrijska mjerenja i kontrola radne sredine;<\/li>\n<li>Mjerenja stepena individualnog spolja\u0161njeg izlaganja profesionalno izlo\u017eenih lica (li\u010dna dozimetrijska kontrola);<\/li>\n<li>Mjerenja radi sprovo\u0111enja programa osiguranja i kontrole kvaliteta;<\/li>\n<li>Projektovanje mjera za\u0161tite od jonizuju\u0107ih zra\u010denja.<\/li>\n<\/ul>\n<p><strong>14. <a href=\"https:\/\/mne.ceti.me\/wp-content\/uploads\/2024\/02\/Ovlascenje-2023.pdf\">Rje\u0161enje izdato od strane Ministarstva rada i socijalnog staranja (br.170-34\/17-5 od 05.05.2020) o ovla\u0161\u0107enju za obavljanje slede\u0107ih poslova iz za\u0161tite i zdravlja na radu<\/a><\/strong>:<\/p>\n<ul>\n<li>Priprema akta o procjeni rizika sa predlogom mjera za njihovo otklanjanje<\/li>\n<li>Ispitivanje uslova radne sredine : fizi\u010dkih \u0161tetnosti, osvijetljenosti, mikroklime i hemijskih \u0161tetnosti<\/li>\n<li>Reviziju (ocjenu) tehni\u010dke dokumentacije sa aspekta primijenjenosti preventivnih mjera za\u0161tite na radu, tehni\u010dkih propisa i standarda, radi utvr\u0111ivanja obezbije\u0111enosti za\u0161tite zaposlenih u objektima za koje je ura\u0111ena tehni\u010dka dokumentacija , za procese rada koji \u0107e se obavljati u njima<\/li>\n<li>Osposobljavanje i provjeru osp\u0161osobljenosti za bezbjedan rad zaposlenih<\/li>\n<li>Poslovi iz \u010dlana 36 Zakona o za\u0161titi na radu:<\/li>\n<\/ul>\n<ol>\n<li style=\"list-style-type: none;\">\n<ul>\n<li>savjetovanje poslodavca pri planiranju, izboru i odr\u017eavanju sredstava za rad i sredstava i opreme za li\u010dnu za\u0161titu na radu;<\/li>\n<li>savjetovanje poslodavca kod opremanja i ure\u0111ivanja radnog mjesta, uzimaju\u0107i u obzir i uslove radne sredine;<\/li>\n<li>u\u010destvovanje u izradi stru\u010dne podloge za akt o procjeni rizika;<\/li>\n<li>organizovanje prethodna i periodi\u010dna ispitivanja uslova radne sredine (hemijskih, fizi\u010dkih i biolo\u0161kih \u0161tetnosti, mikroklime i osvijetljenosti);<\/li>\n<li>organizovanje periodi\u010dne preglede i ispitivanja sredstava za rad, elektri\u010dnih i drugih instalacija;<\/li>\n<li>predlaganje mjere za pobolj\u0161anje uslova rada, naro\u010dito na radnim mjestima sa pove\u0107anim rizicima;<\/li>\n<li>na svim poslovima kod poslodavca pra\u0107enje primjene mjera za za\u0161titu na radu i odr\u017eavanje sredstava za rad u ispravnom stanju i sredstava i opreme za li\u010dnu za\u0161titu na radu;<\/li>\n<li>obezbje\u0111ivanje uputstva za bezbjedan rad i kontroli\u0161e njihovu primjenu;<\/li>\n<li>pra\u0107enje stanje u vezi sa povredama na radu i profesionalnim oboljenjima kao i oboljenjima u vezi sa radom, u\u010destvuje u utvr\u0111ivanju njihovih uzroka i priprema izvje\u0161taje sa predlozima mjera za poslodavca;<\/li>\n<li>pripremanje i realizovanje osposobljavanja zaposlenih za bezbjedan rad;<\/li>\n<li>predlaganje mjera zabrane rada na radnom mjestu ili upotrebe sredstva za rad, u slu\u010daju kada utvrdi neposrednu opasnost po \u017eivot ili zdravlje zaposlenog, o \u010demu odmah obavje\u0161tava poslodavca i predstavnika zaposlenih;<\/li>\n<li>neposredna saradnja i koordinacija po svim pitanjima iz oblasti za\u0161tite na radu sa ovla\u0161\u0107enom zdravstvenom ustanovom ili ovla\u0161\u0107enim ljekarom;<\/li>\n<li>vo\u0111enje i staranje o evidencijama iz za\u0161tite i zdravlja na radu;<\/li>\n<\/ul>\n<\/li>\n<\/ol>\n<\/div><\/section>\n","protected":false},"excerpt":{"rendered":"","protected":false},"author":1,"featured_media":0,"parent":1195,"menu_order":0,"comment_status":"closed","ping_status":"closed","template":"","meta":[],"_links":{"self":[{"href":"https:\/\/mne.ceti.me\/index.php?rest_route=\/wp\/v2\/pages\/3610"}],"collection":[{"href":"https:\/\/mne.ceti.me\/index.php?rest_route=\/wp\/v2\/pages"}],"about":[{"href":"https:\/\/mne.ceti.me\/index.php?rest_route=\/wp\/v2\/types\/page"}],"author":[{"embeddable":true,"href":"https:\/\/mne.ceti.me\/index.php?rest_route=\/wp\/v2\/users\/1"}],"replies":[{"embeddable":true,"href":"https:\/\/mne.ceti.me\/index.php?rest_route=%2Fwp%2Fv2%2Fcomments&post=3610"}],"version-history":[{"count":29,"href":"https:\/\/mne.ceti.me\/index.php?rest_route=\/wp\/v2\/pages\/3610\/revisions"}],"predecessor-version":[{"id":9245,"href":"https:\/\/mne.ceti.me\/index.php?rest_route=\/wp\/v2\/pages\/3610\/revisions\/9245"}],"up":[{"embeddable":true,"href":"https:\/\/mne.ceti.me\/index.php?rest_route=\/wp\/v2\/pages\/1195"}],"wp:attachment":[{"href":"https:\/\/mne.ceti.me\/index.php?rest_route=%2Fwp%2Fv2%2Fmedia&parent=3610"}],"curies":[{"name":"wp","href":"https:\/\/api.w.org\/{rel}","templated":true}]}}