{"id":3439,"date":"2015-01-06T11:58:43","date_gmt":"2015-01-06T11:58:43","guid":{"rendered":"https:\/\/mne.ceti.me\/?page_id=3439"},"modified":"2025-04-10T06:16:43","modified_gmt":"2025-04-10T06:16:43","slug":"odbor-direktora","status":"publish","type":"page","link":"https:\/\/mne.ceti.me\/?page_id=3439","title":{"rendered":"Odbor Direktora"},"content":{"rendered":"<section  class='avia-team-member   avia-builder-el-0  el_before_av_team_member  avia-builder-el-first '  itemscope=\"itemscope\" itemtype=\"https:\/\/schema.org\/Person\" ><div class='team-img-container'><img class='wp-image-8830 avia-img-lazy-loading-not-8830 avia_image avia_image_team av-team-img-original' src='https:\/\/mne.ceti.me\/wp-content\/uploads\/2024\/03\/1711471877871-200x300.jpg' alt='Zdravko Kova\u010devi\u0107'  itemprop=\"image\"  \/><\/div><h3 class='team-member-name'    itemprop=\"name\" >Zdravko Kova\u010devi\u0107<\/h3><div class='team-member-job-title '   itemprop=\"jobTitle\" >Predsjednik Odbora direktora<\/div><span class='hidden team-member-affiliation'  itemprop=\"affiliation\" >CETI<\/span><\/section>\n<section  class='avia-team-member   avia-builder-el-1  el_after_av_team_member  el_before_av_team_member '  itemscope=\"itemscope\" itemtype=\"https:\/\/schema.org\/Person\" ><div class='team-img-container'><img class='wp-image-8841 avia-img-lazy-loading-not-8841 avia_image avia_image_team av-team-img-original' src='https:\/\/mne.ceti.me\/wp-content\/uploads\/2024\/03\/IMG_20230126_215306_082-240x300.jpg' alt='Marija Vojinovi\u0107'  itemprop=\"image\"  \/><\/div><h3 class='team-member-name'    itemprop=\"name\" >Marija Vojinovi\u0107<\/h3><div class='team-member-job-title '   itemprop=\"jobTitle\" >\u010clan Odbora direktora<\/div><div class='team-member-description '  itemprop=\"description\"  ><p>Mr Marija Vojinovi\u0107 Nik\u010devi\u0107 ro\u0111ena je 07.08.1993. godine, u Nik\u0161i\u0107u, gdje je zavr\u0161ila osnovnu i srednju \u0161kolu. Magistrirala je na Prirodno-matemati\u010dkom fakultetu Univerziteta Crne Gore (studijski program za Biologiju) u julu 2018. godine. Doktorand je u oblasti biolo\u0161kih nauka, i kao stipendista Ministarstva nauke u vi\u0161e navrata boravila je u inostranstvu (European Molecular Biology Laboratory, EMBL, Heidelberg, Njema\u010dka; Laboratorija za genotipizaciju Biolo\u0161kog fakulteta Univerziteta u Beogradu; Institut za geneti\u010dko in\u017eenjerstvo i biotehnologiju, INGEB, Sarajevo), gdje se stru\u010dno usavr\u0161avala u oblastima molekularne biologije i genetike. Tokom radne karijere bila je \u010dlan odbora za realizaciju projekta Centra izvrsnosti za biomedicinska istra\u017eivanja (CEBIMER), \u010dlan organizacionog odbora Fondacije za promovisanje nauke (PRONA), realizator brojnih edukativnih aktivnosti u oblasti prirodnih nauka, koordinator nacionalnih i evropskih nau\u010dnoistra\u017eiva\u010dkih projekata. Zaposlena je kao profesor biologije u Gimnaziji \"Stojan Cerovi\u0107\" u Nik\u0161i\u0107u.<\/p>\n<\/div><span class='hidden team-member-affiliation'  itemprop=\"affiliation\" >CETI<\/span><\/section>\n<section  class='avia-team-member   avia-builder-el-2  el_after_av_team_member  avia-builder-el-last '  itemscope=\"itemscope\" itemtype=\"https:\/\/schema.org\/Person\" ><div class='team-img-container'><img class='wp-image-8858 avia-img-lazy-loading-not-8858 avia_image avia_image_team av-team-img-original' src='https:\/\/mne.ceti.me\/wp-content\/uploads\/2024\/03\/IMG-e99ce29f9d3d343518c5027b73e5ef25-V-194x300.jpg' alt='Mirko Vlahovi\u0107'  itemprop=\"image\"  \/><\/div><h3 class='team-member-name'    itemprop=\"name\" >Mirko Vlahovi\u0107<\/h3><div class='team-member-job-title '   itemprop=\"jobTitle\" >\u010clan Odbora direktora<\/div><div class='team-member-description '  itemprop=\"description\"  ><p>Mirko Vlahovi\u0107 ro\u0111en 1954.god.<\/p>\n<p>Obrazovanje dipl.in\u017e.ma\u0161instva<\/p>\n<p>Radio u \"Radoje Daki\u0107\" AD do 2006. god. na poslovima konstruktor, glavni konstruktor, vo\u0111a projekta...<\/p>\n<p>Sa posjedovanjem licence ovla\u0161\u0107enog in\u017eenjera radio po ugovoru na vi\u0161e poslova i projekata.<\/p>\n<p>Trenutni status - penzioner.<\/p>\n<\/div><span class='hidden team-member-affiliation'  itemprop=\"affiliation\" >CETI<\/span><\/section>\n","protected":false},"excerpt":{"rendered":"","protected":false},"author":1,"featured_media":0,"parent":3408,"menu_order":0,"comment_status":"open","ping_status":"open","template":"","meta":[],"_links":{"self":[{"href":"https:\/\/mne.ceti.me\/index.php?rest_route=\/wp\/v2\/pages\/3439"}],"collection":[{"href":"https:\/\/mne.ceti.me\/index.php?rest_route=\/wp\/v2\/pages"}],"about":[{"href":"https:\/\/mne.ceti.me\/index.php?rest_route=\/wp\/v2\/types\/page"}],"author":[{"embeddable":true,"href":"https:\/\/mne.ceti.me\/index.php?rest_route=\/wp\/v2\/users\/1"}],"replies":[{"embeddable":true,"href":"https:\/\/mne.ceti.me\/index.php?rest_route=%2Fwp%2Fv2%2Fcomments&post=3439"}],"version-history":[{"count":33,"href":"https:\/\/mne.ceti.me\/index.php?rest_route=\/wp\/v2\/pages\/3439\/revisions"}],"predecessor-version":[{"id":9358,"href":"https:\/\/mne.ceti.me\/index.php?rest_route=\/wp\/v2\/pages\/3439\/revisions\/9358"}],"up":[{"embeddable":true,"href":"https:\/\/mne.ceti.me\/index.php?rest_route=\/wp\/v2\/pages\/3408"}],"wp:attachment":[{"href":"https:\/\/mne.ceti.me\/index.php?rest_route=%2Fwp%2Fv2%2Fmedia&parent=3439"}],"curies":[{"name":"wp","href":"https:\/\/api.w.org\/{rel}","templated":true}]}}