{"id":3406,"date":"2015-01-06T11:43:42","date_gmt":"2015-01-06T11:43:42","guid":{"rendered":"https:\/\/mne.ceti.me\/?page_id=3406"},"modified":"2025-12-29T10:46:51","modified_gmt":"2025-12-29T10:46:51","slug":"istorijat","status":"publish","type":"page","link":"https:\/\/mne.ceti.me\/?page_id=3406","title":{"rendered":"Menad\u017ement CETI"},"content":{"rendered":"<div id='layer_slider_1'  class='avia-layerslider main_color avia-shadow  avia-builder-el-0  el_before_av_textblock  avia-builder-el-first  container_wrap sidebar_right'  style='height: 151px;'  ><\/div><div id='after_layer_slider_1'  class='main_color av_default_container_wrap container_wrap sidebar_right'  ><div class='container av-section-cont-open' ><div class='template-page content  av-content-small alpha units'><div class='post-entry post-entry-type-page post-entry-3406'><div class='entry-content-wrapper clearfix'>\n<section class=\"av_textblock_section \"  itemscope=\"itemscope\" itemtype=\"https:\/\/schema.org\/CreativeWork\" ><div class='avia_textblock  '   itemprop=\"text\" ><h2 style=\"text-align: center;\">Upoznajte menad\u017ement institucije CETI<\/h2>\n<p style=\"text-align: center;\">Najve\u0107a zasluga za sve postignute rezultate le\u017ei u na\u0161im zaposlenima. Svakako zna\u010dajnu ulogu imao je menad\u017ement tim koji je upravljao i vodio izuzetno uspje\u0161no CETI svih predhodnih godina.<\/p>\n<\/div><\/section>\n<div  class='hr av-bweiym-81dc8dbbbe8a849226342e5056b1b7b9 hr-default  avia-builder-el-2  el_after_av_textblock  el_before_av_one_third  '><span class='hr-inner '><span class=\"hr-inner-style\"><\/span><\/span><\/div>\n\n<style type=\"text\/css\" data-created_by=\"avia_inline_auto\" id=\"style-css-av-4iau4u-1846ef2c7ef5c3caad7edf29e170dfdd\">\n.flex_column.av-4iau4u-1846ef2c7ef5c3caad7edf29e170dfdd{\nborder-radius:0px 0px 0px 0px;\n-webkit-border-radius:0px 0px 0px 0px;\n-moz-border-radius:0px 0px 0px 0px;\n}\n<\/style>\n<div class='flex_column av-4iau4u-1846ef2c7ef5c3caad7edf29e170dfdd av_one_third  avia-builder-el-3  el_after_av_hr  el_before_av_one_third  first flex_column_div av-zero-column-padding '   ><section  class='avia-team-member   avia-builder-el-4  avia-builder-el-no-sibling '  itemscope=\"itemscope\" itemtype=\"https:\/\/schema.org\/Person\" ><div class='team-img-container'><img class='wp-image-9007 avia-img-lazy-loading-not-9007 avia_image avia_image_team av-team-img-original' src='https:\/\/mne.ceti.me\/wp-content\/uploads\/2024\/06\/1000055132-012-225x300.jpeg' alt='&lt;\/p&gt;\n&lt;h3 style=&quot;text-align: center;&quot;&gt;&lt;b&gt;dr Nikola Svrkota dipl. fiz. &lt;\/b&gt;&lt;\/h3&gt;\n&lt;p&gt;'  itemprop=\"image\"  \/><\/div><h3 class='team-member-name'    itemprop=\"name\" ><\/p>\n<h3 style=\"text-align: center;\"><b>dr Nikola Svrkota dipl. fiz. <\/b><\/h3>\n<p><\/h3><div class='team-member-job-title '   itemprop=\"jobTitle\" ><\/p>\n<p style=\"text-align: center;\"><em> Izvr\u0161ni direktor <\/em><\/p>\n<p><\/div><div class='team-member-description '  itemprop=\"description\"  ><p><b>Li\u010dne informacije<\/b><br \/>\nRo\u0111en 1976.<\/p>\n<p><b>Radno iskustvo<\/b><\/p>\n<p><b>Obrazovanje<\/b><\/p>\n<p><b>Kontakt<\/b><br \/>\nTelefon: +382 20 658 090, +382 20 658 091<br \/>\nFaks: +382 20 658 092<br \/>\nE-mail: nikola.svrkota@ceti.me<\/p>\n<\/div><span class='hidden team-member-affiliation'  itemprop=\"affiliation\" >CETI<\/span><\/section><\/div>\n\n<style type=\"text\/css\" data-created_by=\"avia_inline_auto\" id=\"style-css-av-2hsgda-ff5f2dc7c1e4f3e509a509d5c7b4e371\">\n.flex_column.av-2hsgda-ff5f2dc7c1e4f3e509a509d5c7b4e371{\nborder-radius:0px 0px 0px 0px;\n-webkit-border-radius:0px 0px 0px 0px;\n-moz-border-radius:0px 0px 0px 0px;\n}\n<\/style>\n<div class='flex_column av-2hsgda-ff5f2dc7c1e4f3e509a509d5c7b4e371 av_one_third  avia-builder-el-5  el_after_av_one_third  el_before_av_one_third  flex_column_div av-zero-column-padding '   ><section  class='avia-team-member   avia-builder-el-6  avia-builder-el-no-sibling '  itemscope=\"itemscope\" itemtype=\"https:\/\/schema.org\/Person\" ><div class='team-img-container'><img class='wp-image-9015 avia-img-lazy-loading-not-9015 avia_image avia_image_team av-team-img-original' src='https:\/\/mne.ceti.me\/wp-content\/uploads\/2024\/07\/1000055133-01-225x300.jpg' alt='&lt;\/p&gt;\n&lt;h3 style=&quot;text-align: center;&quot;&gt;&lt;b&gt;Danijela Bekri\u0107&lt;\/b&gt;&lt;\/h3&gt;\n&lt;p&gt;'  itemprop=\"image\"  \/><\/div><h3 class='team-member-name'    itemprop=\"name\" ><\/p>\n<h3 style=\"text-align: center;\"><b>Danijela Bekri\u0107<\/b><\/h3>\n<p><\/h3><div class='team-member-job-title '   itemprop=\"jobTitle\" ><\/p>\n<p style=\"text-align: center;\"><em> Direktor Sektora za laboratorijsku dijagnostiku i za\u0161titu od zra\u010denja<\/em><\/p>\n<p><\/div><div class='team-member-description '  itemprop=\"description\"  ><p><b>Li\u010dne informacije<\/b><br \/>\nRo\u0111ena 1975 u Kru\u0161evcu, Srbija<\/p>\n<p><b>Radno iskustvo<\/b><br \/>\n2012-2024- Institut za za\u0161titu na radu, Novi Sad - \u0161ef odseka za fizi\u010dko hemijska ispitivanja<br \/>\n2006-2012 -Alfalab, Aleksandrovac- Vode\u0107i analiti\u010dar za instrumentalne analize<br \/>\n2004-2005- Zavod za javno zdravlje,Kru\u0161evac, pripravni\u010dki sta\u017e <\/p>\n<p><b>Obrazovanje<\/b><br \/>\nPrirodno-matemati\u010dki fakultet, Univerzitet u Ni\u0161u, Grupa\/Odsjek: Hemija, diplomirani hemi\u010dar, 2003<\/p>\n<p><b>Kontakt<\/b><\/p>\n<p>Telefon: +382 20 658 090, +382 20 658 091<br \/>\nFaks: +382 20 658 092<br \/>\nE-mail: danijela.bekric@ceti.me<\/p>\n<\/div><span class='hidden team-member-affiliation'  itemprop=\"affiliation\" >CETI<\/span><\/section><\/div>\n\n<style type=\"text\/css\" data-created_by=\"avia_inline_auto\" id=\"style-css-av-av_one_third-699248f23a309dda907cee54960fbaa0\">\n.flex_column.av-av_one_third-699248f23a309dda907cee54960fbaa0{\nborder-radius:0px 0px 0px 0px;\n-webkit-border-radius:0px 0px 0px 0px;\n-moz-border-radius:0px 0px 0px 0px;\n}\n<\/style>\n<div class='flex_column av-av_one_third-699248f23a309dda907cee54960fbaa0 av_one_third  avia-builder-el-7  el_after_av_one_third  avia-builder-el-last  flex_column_div av-zero-column-padding '   ><section  class='avia-team-member   avia-builder-el-8  avia-builder-el-no-sibling '  itemscope=\"itemscope\" itemtype=\"https:\/\/schema.org\/Person\" ><h3 class='team-member-name'    itemprop=\"name\" ><\/p>\n<h3 style=\"text-align: center;\"><b>Ivan Radovi\u0107<\/b><\/h3>\n<p><\/h3><div class='team-member-job-title '   itemprop=\"jobTitle\" ><\/p>\n<p style=\"text-align: center;\"><em> Direktor Sektora za ekonomske, pravne i op\u0161te poslove<\/em><\/p>\n<p><\/div><div class='team-member-description '  itemprop=\"description\"  ><p><b>Li\u010dne informacije<\/b> <\/p>\n<p><b>Radno iskustvo<\/b><\/p>\n<p><b>Obrazovanje<\/b>    <\/p>\n<p><b>Kontakt<\/b><\/p>\n<p>Telefon: +382 20 658 090, +382 20 658 091<br \/>\nFaks: +382 20 658 092<br \/>\nE-mail: ivan.radovic@ceti.me<\/p>\n<\/div><span class='hidden team-member-affiliation'  itemprop=\"affiliation\" >CETI<\/span><\/section><\/div>\n","protected":false},"excerpt":{"rendered":"","protected":false},"author":1,"featured_media":0,"parent":3408,"menu_order":0,"comment_status":"closed","ping_status":"closed","template":"","meta":[],"_links":{"self":[{"href":"https:\/\/mne.ceti.me\/index.php?rest_route=\/wp\/v2\/pages\/3406"}],"collection":[{"href":"https:\/\/mne.ceti.me\/index.php?rest_route=\/wp\/v2\/pages"}],"about":[{"href":"https:\/\/mne.ceti.me\/index.php?rest_route=\/wp\/v2\/types\/page"}],"author":[{"embeddable":true,"href":"https:\/\/mne.ceti.me\/index.php?rest_route=\/wp\/v2\/users\/1"}],"replies":[{"embeddable":true,"href":"https:\/\/mne.ceti.me\/index.php?rest_route=%2Fwp%2Fv2%2Fcomments&post=3406"}],"version-history":[{"count":44,"href":"https:\/\/mne.ceti.me\/index.php?rest_route=\/wp\/v2\/pages\/3406\/revisions"}],"predecessor-version":[{"id":9524,"href":"https:\/\/mne.ceti.me\/index.php?rest_route=\/wp\/v2\/pages\/3406\/revisions\/9524"}],"up":[{"embeddable":true,"href":"https:\/\/mne.ceti.me\/index.php?rest_route=\/wp\/v2\/pages\/3408"}],"wp:attachment":[{"href":"https:\/\/mne.ceti.me\/index.php?rest_route=%2Fwp%2Fv2%2Fmedia&parent=3406"}],"curies":[{"name":"wp","href":"https:\/\/api.w.org\/{rel}","templated":true}]}}