{"id":2590,"date":"2013-10-21T12:39:03","date_gmt":"2013-10-21T12:39:03","guid":{"rendered":"http:\/\/www.kriesi.at\/themes\/enfold\/?page_id=2590"},"modified":"2014-12-30T12:32:33","modified_gmt":"2014-12-30T12:32:33","slug":"masonry-blog","status":"publish","type":"page","link":"https:\/\/mne.ceti.me\/?page_id=2590","title":{"rendered":"Novosti"},"content":{"rendered":"<div id='av-masonry-1' class='av-masonry av-av_masonry_entries-783d92edd1c017297bbb65fd17dca19e noHover av-fixed-size av-1px-gap av-hover-overlay-active av-masonry-animation-active av-masonry-col-flexible av-caption-always av-caption-style- av-masonry-entries   '><div class='av-masonry-sort main_color av-sort-yes' data-masonry-id='1' ><div class='av-sort-by-term  ' data-av-allowed-sort='[\"frontpage-article_sort\",\"news_sort\",\"novosti_sort\",\"ostalo_sort\",\"uncategorized_sort\"]' ><a href=\"#\" data-filter=\"all_sort\" class=\"all_sort_button active_sort\"><span class=\"inner_sort_button\"><span>All<\/span><small class=\"avia-term-count\"> 8 <\/small><\/span><\/a><span class='text-sep frontpage-article_sort_sep avia_hide_sort'>\/<\/span><a href=\"#\" data-filter=\"frontpage-article_sort\" class=\"frontpage-article_sort_button avia_hide_sort\" ><span class=\"inner_sort_button\"><span>Frontpage Article<\/span><small class='avia-term-count'> 0 <\/small><\/span><\/a><span class='text-sep news_sort_sep avia_hide_sort'>\/<\/span><a href=\"#\" data-filter=\"news_sort\" class=\"news_sort_button avia_hide_sort\" ><span class=\"inner_sort_button\"><span>News<\/span><small class='avia-term-count'> 0 <\/small><\/span><\/a><span class='text-sep novosti_sort_sep avia_show_sort'>\/<\/span><a href=\"#\" data-filter=\"novosti_sort\" class=\"novosti_sort_button avia_show_sort\" ><span class=\"inner_sort_button\"><span>Novosti<\/span><small class='avia-term-count'> 8 <\/small><\/span><\/a><span class='text-sep ostalo_sort_sep avia_hide_sort'>\/<\/span><a href=\"#\" data-filter=\"ostalo_sort\" class=\"ostalo_sort_button avia_hide_sort\" ><span class=\"inner_sort_button\"><span>Ostalo<\/span><small class='avia-term-count'> 0 <\/small><\/span><\/a><span class='text-sep uncategorized_sort_sep avia_hide_sort'>\/<\/span><a href=\"#\" data-filter=\"uncategorized_sort\" class=\"uncategorized_sort_button avia_hide_sort\" ><span class=\"inner_sort_button\"><span>Uncategorized<\/span><small class='avia-term-count'> 0 <\/small><\/span><\/a><\/div><\/div><div class=\"av-masonry-container isotope av-js-disabled\"><div class='av-masonry-entry isotope-item av-masonry-item-no-image all_sort novosti_sort '><\/div><a href=\"https:\/\/mne.ceti.me\/?p=9596\"  id='av-masonry-1-item-9596' data-av-masonry-item='9596' class='av-masonry-entry isotope-item post-9596 post type-post status-publish format-standard has-post-thumbnail hentry category-novosti tag-canu tag-dijana-durovic tag-predavanje all_sort novosti_sort  av-masonry-item-with-image av-grid-img' title=\"IMG-1964c0f05346e5ccc30c9f16e39b22b5-V\"  itemscope=\"itemscope\" itemtype=\"https:\/\/schema.org\/CreativeWork\" ><div class='av-inner-masonry-sizer'><\/div><figure class='av-inner-masonry main_color'><div class=\"av-masonry-outerimage-container\"><div class='av-masonry-image-container' style=\"background-image: url(https:\/\/mne.ceti.me\/wp-content\/uploads\/2026\/04\/IMG-1964c0f05346e5ccc30c9f16e39b22b5-V-705x529.jpg);\"  title=\"IMG-1964c0f05346e5ccc30c9f16e39b22b5-V\"  ><\/div><\/div><figcaption class='av-inner-masonry-content site-background'><div class='av-inner-masonry-content-pos'><div class='av-inner-masonry-content-pos-content'><div class='avia-arrow'><\/div><h3 class='av-masonry-entry-title entry-title '  itemprop=\"headline\" >Mikroplastika u nama i oko nas<\/h3><div class='av-masonry-entry-content entry-content'  itemprop=\"text\" >Na tribini \u201eZaga\u0111enje mikroplastikom\u201c, odr\u017eanoj 27. aprila\u2026<\/div><span class='av-masonry-date meta-color updated'>April 29, 2026<\/span><span class=\"av-masonry-text-sep text-sep-author\">\/<\/span><span class='av-masonry-author meta-color author'><span class='fn'>by cetimne<\/span><\/span><\/div><\/div><\/figcaption><\/figure><\/a><!--end av-masonry entry--><a href=\"https:\/\/mne.ceti.me\/?p=9588\"  id='av-masonry-1-item-9588' data-av-masonry-item='9588' class='av-masonry-entry isotope-item post-9588 post type-post status-publish format-standard has-post-thumbnail hentry category-novosti tag-posjeta tag-srednja-strucna-skola-bar tag-ucenici all_sort novosti_sort  av-masonry-item-with-image av-grid-img' title=\"IMG_20260428_124122\"  itemscope=\"itemscope\" itemtype=\"https:\/\/schema.org\/CreativeWork\" ><div class='av-inner-masonry-sizer'><\/div><figure class='av-inner-masonry main_color'><div class=\"av-masonry-outerimage-container\"><div class='av-masonry-image-container' style=\"background-image: url(https:\/\/mne.ceti.me\/wp-content\/uploads\/2026\/04\/IMG_20260428_124122-705x529.jpg);\"  title=\"IMG_20260428_124122\"  ><\/div><\/div><figcaption class='av-inner-masonry-content site-background'><div class='av-inner-masonry-content-pos'><div class='av-inner-masonry-content-pos-content'><div class='avia-arrow'><\/div><h3 class='av-masonry-entry-title entry-title '  itemprop=\"headline\" >Posjeta u\u010denika JU Srednja stru\u010dna \u0161kola Bar<\/h3><div class='av-masonry-entry-content entry-content'  itemprop=\"text\" >U okviru prakti\u010dne nastave, dana 28. aprila 2026. godine, Centar\u2026<\/div><span class='av-masonry-date meta-color updated'>April 29, 2026<\/span><span class=\"av-masonry-text-sep text-sep-author\">\/<\/span><span class='av-masonry-author meta-color author'><span class='fn'>by cetimne<\/span><\/span><\/div><\/div><\/figcaption><\/figure><\/a><!--end av-masonry entry--><a href=\"https:\/\/mne.ceti.me\/?p=9570\"  id='av-masonry-1-item-9570' data-av-masonry-item='9570' class='av-masonry-entry isotope-item post-9570 post type-post status-publish format-standard has-post-thumbnail hentry category-novosti tag-delegacija tag-posjeta all_sort novosti_sort  av-masonry-item-with-image av-grid-img' title=\"1776752132hhr1d41f967iqpj6-i_1920x1280\"  itemscope=\"itemscope\" itemtype=\"https:\/\/schema.org\/CreativeWork\" ><div class='av-inner-masonry-sizer'><\/div><figure class='av-inner-masonry main_color'><div class=\"av-masonry-outerimage-container\"><div class='av-masonry-image-container' style=\"background-image: url(https:\/\/mne.ceti.me\/wp-content\/uploads\/2026\/04\/1776752132hhr1d41f967iqpj6-i_1920x1280-705x470.jpg);\"  title=\"1776752132hhr1d41f967iqpj6-i_1920x1280\"  ><\/div><\/div><figcaption class='av-inner-masonry-content site-background'><div class='av-inner-masonry-content-pos'><div class='av-inner-masonry-content-pos-content'><div class='avia-arrow'><\/div><h3 class='av-masonry-entry-title entry-title '  itemprop=\"headline\" >Izvr\u0161ni direktor CETI \u010dlan Delegacije Crne Gore na Desetom preglednom sastanku Konvencije o nuklearnoj sigurnosti (CNS)<\/h3><div class='av-masonry-entry-content entry-content'  itemprop=\"text\" >Izvr\u0161ni direktor Centra za ekotoksikolo\u0161ka ispitivanja, dr\u2026<\/div><span class='av-masonry-date meta-color updated'>April 21, 2026<\/span><span class=\"av-masonry-text-sep text-sep-author\">\/<\/span><span class='av-masonry-author meta-color author'><span class='fn'>by cetimne<\/span><\/span><\/div><\/div><\/figcaption><\/figure><\/a><!--end av-masonry entry--><a href=\"https:\/\/mne.ceti.me\/?p=9545\"  id='av-masonry-1-item-9545' data-av-masonry-item='9545' class='av-masonry-entry isotope-item post-9545 post type-post status-publish format-standard has-post-thumbnail hentry category-novosti tag-eu tag-hamtrace tag-horizon tag-projekat all_sort novosti_sort  av-masonry-item-with-image av-grid-img' title=\"Picture1\"  itemscope=\"itemscope\" itemtype=\"https:\/\/schema.org\/CreativeWork\" ><div class='av-inner-masonry-sizer'><\/div><figure class='av-inner-masonry main_color'><div class=\"av-masonry-outerimage-container\"><div class='av-masonry-image-container' style=\"background-image: url(https:\/\/mne.ceti.me\/wp-content\/uploads\/2026\/02\/Picture1-705x167.jpg);\"  title=\"Picture1\"  ><\/div><\/div><figcaption class='av-inner-masonry-content site-background'><div class='av-inner-masonry-content-pos'><div class='av-inner-masonry-content-pos-content'><div class='avia-arrow'><\/div><h3 class='av-masonry-entry-title entry-title '  itemprop=\"headline\" >CETI partner na Horizon Europe projektu \u201eHamTrace\u201c<\/h3><div class='av-masonry-entry-content entry-content'  itemprop=\"text\" >Centar za ekotoksikolo\u0161ka ispitivanja (CETI) u\u010destvuje kao\u2026<\/div><span class='av-masonry-date meta-color updated'>February 12, 2026<\/span><span class=\"av-masonry-text-sep text-sep-author\">\/<\/span><span class='av-masonry-author meta-color author'><span class='fn'>by cetimne<\/span><\/span><\/div><\/div><\/figcaption><\/figure><\/a><!--end av-masonry entry--><a href=\"https:\/\/mne.ceti.me\/?p=9540\"  id='av-masonry-1-item-9540' data-av-masonry-item='9540' class='av-masonry-entry isotope-item post-9540 post type-post status-publish format-standard has-post-thumbnail hentry category-novosti tag-aquatic-plastic tag-prezentacija tag-projekat all_sort novosti_sort  av-masonry-item-with-image av-grid-img' title=\"IMG_20260204_101008\"  itemscope=\"itemscope\" itemtype=\"https:\/\/schema.org\/CreativeWork\" ><div class='av-inner-masonry-sizer'><\/div><figure class='av-inner-masonry main_color'><div class=\"av-masonry-outerimage-container\"><div class='av-masonry-image-container' style=\"background-image: url(https:\/\/mne.ceti.me\/wp-content\/uploads\/2026\/02\/IMG_20260204_101008-705x529.jpg);\"  title=\"IMG_20260204_101008\"  ><\/div><\/div><figcaption class='av-inner-masonry-content site-background'><div class='av-inner-masonry-content-pos'><div class='av-inner-masonry-content-pos-content'><div class='avia-arrow'><\/div><h3 class='av-masonry-entry-title entry-title '  itemprop=\"headline\" >Prezentacija projekta Aquatic Plastic<\/h3><div class='av-masonry-entry-content entry-content'  itemprop=\"text\" >U prostorijama Centra za ekotoksikolo\u0161ka ispitivanja odr\u017eana\u2026<\/div><span class='av-masonry-date meta-color updated'>February 5, 2026<\/span><span class=\"av-masonry-text-sep text-sep-author\">\/<\/span><span class='av-masonry-author meta-color author'><span class='fn'>by cetimne<\/span><\/span><\/div><\/div><\/figcaption><\/figure><\/a><!--end av-masonry entry--><a href=\"https:\/\/mne.ceti.me\/?p=9530\"  id='av-masonry-1-item-9530' data-av-masonry-item='9530' class='av-masonry-entry isotope-item post-9530 post type-post status-publish format-standard has-post-thumbnail hentry category-novosti tag-mtf tag-sporazum-o-saradnji all_sort novosti_sort  av-masonry-item-with-image av-grid-img' title=\"slika 1\"  itemscope=\"itemscope\" itemtype=\"https:\/\/schema.org\/CreativeWork\" ><div class='av-inner-masonry-sizer'><\/div><figure class='av-inner-masonry main_color'><div class=\"av-masonry-outerimage-container\"><div class='av-masonry-image-container' style=\"background-image: url(https:\/\/mne.ceti.me\/wp-content\/uploads\/2026\/01\/slika-1-705x397.jpg);\"  title=\"slika 1\"  ><\/div><\/div><figcaption class='av-inner-masonry-content site-background'><div class='av-inner-masonry-content-pos'><div class='av-inner-masonry-content-pos-content'><div class='avia-arrow'><\/div><h3 class='av-masonry-entry-title entry-title '  itemprop=\"headline\" >Potpisan Sporazum o saradnji izme\u0111u CETI i MTF-a<\/h3><div class='av-masonry-entry-content entry-content'  itemprop=\"text\" >Izvr\u0161ni direktor Centra za ekotoksikolo\u0161ka ispitivanja (CETI),\u2026<\/div><span class='av-masonry-date meta-color updated'>January 27, 2026<\/span><span class=\"av-masonry-text-sep text-sep-author\">\/<\/span><span class='av-masonry-author meta-color author'><span class='fn'>by cetimne<\/span><\/span><\/div><\/div><\/figcaption><\/figure><\/a><!--end av-masonry entry--><a href=\"https:\/\/mne.ceti.me\/?p=9485\"  id='av-masonry-1-item-9485' data-av-masonry-item='9485' class='av-masonry-entry isotope-item post-9485 post type-post status-publish format-standard has-post-thumbnail hentry category-novosti tag-mers tag-mikroplastika-u-vodenim-ekosistemima tag-radionica all_sort novosti_sort  av-masonry-item-with-image av-grid-img' title=\"Photo credit &#8211; Vuk Raicevic-39\"  itemscope=\"itemscope\" itemtype=\"https:\/\/schema.org\/CreativeWork\" ><div class='av-inner-masonry-sizer'><\/div><figure class='av-inner-masonry main_color'><div class=\"av-masonry-outerimage-container\"><div class='av-masonry-image-container' style=\"background-image: url(https:\/\/mne.ceti.me\/wp-content\/uploads\/2025\/10\/Photo-credit-Vuk-Raicevic-39-705x470.jpg);\"  title=\"Photo credit &#8211; Vuk Raicevic-39\"  ><\/div><\/div><figcaption class='av-inner-masonry-content site-background'><div class='av-inner-masonry-content-pos'><div class='av-inner-masonry-content-pos-content'><div class='avia-arrow'><\/div><h3 class='av-masonry-entry-title entry-title '  itemprop=\"headline\" >Odr\u017eana radionica &#8220;Mikroplastika u vodenim ekosistemima&#8221;<\/h3><div class='av-masonry-entry-content entry-content'  itemprop=\"text\" >Predstavnici CETI prisustvovali su na radionici \"Mikroplastika\u2026<\/div><span class='av-masonry-date meta-color updated'>October 27, 2025<\/span><span class=\"av-masonry-text-sep text-sep-author\">\/<\/span><span class='av-masonry-author meta-color author'><span class='fn'>by cetimne<\/span><\/span><\/div><\/div><\/figcaption><\/figure><\/a><!--end av-masonry entry--><a href=\"https:\/\/mne.ceti.me\/?p=9468\"  id='av-masonry-1-item-9468' data-av-masonry-item='9468' class='av-masonry-entry isotope-item post-9468 post type-post status-publish format-standard has-post-thumbnail hentry category-novosti tag-drustvo-za-zastitu-od-zracenja-srbije-i-crne-gore tag-simpozijum all_sort novosti_sort  av-masonry-item-with-image av-grid-img' title=\"IMG-3ce22f7b4d57cf25b7d60dd84b86fc0b-V\"  itemscope=\"itemscope\" itemtype=\"https:\/\/schema.org\/CreativeWork\" ><div class='av-inner-masonry-sizer'><\/div><figure class='av-inner-masonry main_color'><div class=\"av-masonry-outerimage-container\"><div class='av-masonry-image-container' style=\"background-image: url(https:\/\/mne.ceti.me\/wp-content\/uploads\/2025\/10\/IMG-3ce22f7b4d57cf25b7d60dd84b86fc0b-V-705x529.jpg);\"  title=\"IMG-3ce22f7b4d57cf25b7d60dd84b86fc0b-V\"  ><\/div><\/div><figcaption class='av-inner-masonry-content site-background'><div class='av-inner-masonry-content-pos'><div class='av-inner-masonry-content-pos-content'><div class='avia-arrow'><\/div><h3 class='av-masonry-entry-title entry-title '  itemprop=\"headline\" >Predstavnici CETI prisustovali na XXXIII Simpozijumu dru\u0161tva za za\u0161titu od zra\u010denja Srbije i Crne Gore<\/h3><div class='av-masonry-entry-content entry-content'  itemprop=\"text\" >Predstavnici CETI prisustvovali su na XXXIII Simpozijumu dru\u0161tva\u2026<\/div><span class='av-masonry-date meta-color updated'>October 15, 2025<\/span><span class=\"av-masonry-text-sep text-sep-author\">\/<\/span><span class='av-masonry-author meta-color author'><span class='fn'>by cetimne<\/span><\/span><\/div><\/div><\/figcaption><\/figure><\/a><!--end av-masonry entry--><\/div><a class='av-masonry-pagination av-masonry-load-more' href='#load-more'  data-ids=''  data-action=''  data-link='category'  data-post_type='post, page, attachment, revision, nav_menu_item, custom_css, customize_changeset, oembed_cache, user_request, wp_block, wp_template, wp_template_part, wp_global_styles, wp_navigation, portfolio, avia_framework_post'  data-items='8'  data-size='fixed manually'  data-image_size='masonry'  data-gap='1px'  data-overlay_fx='active'  data-animation='active'  data-offset='0'  data-container_links='active'  data-link_dest=''  data-lightbox_text=''  data-lazy_loading='disabled'  data-container_class='av-masonry-entries'  data-paginate='load_more'  data-caption_elements='title excerpt'  data-caption_display='always'  data-caption_styling=''  data-wc_prod_visible=''  data-wc_prod_hidden=''  data-wc_prod_featured=''  data-prod_order_by=''  data-prod_order=''  data-sort='yes'  data-columns='flexible'  data-auto_ratio='1.7'  data-set_breadcrumb='1'  data-custom_markup=''  data-query_orderby='date'  data-query_order='DESC'  data-color=''  data-custom_bg=''  data-custom_class=''  data-orientation=''  data-date_filter=''  data-date_filter_start=''  data-date_filter_end=''  data-date_filter_format='yy\/mm\/dd'  data-id=''  data-taxonomy='category'  data-categories='14,16,50,51,1'  data-avno='a3642363b4'>Load more<\/a><\/div>\n","protected":false},"excerpt":{"rendered":"","protected":false},"author":1,"featured_media":0,"parent":0,"menu_order":0,"comment_status":"open","ping_status":"open","template":"","meta":[],"_links":{"self":[{"href":"https:\/\/mne.ceti.me\/index.php?rest_route=\/wp\/v2\/pages\/2590"}],"collection":[{"href":"https:\/\/mne.ceti.me\/index.php?rest_route=\/wp\/v2\/pages"}],"about":[{"href":"https:\/\/mne.ceti.me\/index.php?rest_route=\/wp\/v2\/types\/page"}],"author":[{"embeddable":true,"href":"https:\/\/mne.ceti.me\/index.php?rest_route=\/wp\/v2\/users\/1"}],"replies":[{"embeddable":true,"href":"https:\/\/mne.ceti.me\/index.php?rest_route=%2Fwp%2Fv2%2Fcomments&post=2590"}],"version-history":[{"count":10,"href":"https:\/\/mne.ceti.me\/index.php?rest_route=\/wp\/v2\/pages\/2590\/revisions"}],"predecessor-version":[{"id":3402,"href":"https:\/\/mne.ceti.me\/index.php?rest_route=\/wp\/v2\/pages\/2590\/revisions\/3402"}],"wp:attachment":[{"href":"https:\/\/mne.ceti.me\/index.php?rest_route=%2Fwp%2Fv2%2Fmedia&parent=2590"}],"curies":[{"name":"wp","href":"https:\/\/api.w.org\/{rel}","templated":true}]}}